{"id":75,"date":"2020-05-14T01:32:07","date_gmt":"2020-05-14T01:32:07","guid":{"rendered":"https:\/\/cmam.space\/?page_id=75"},"modified":"2020-07-23T15:56:28","modified_gmt":"2020-07-23T19:56:28","slug":"acupuncture-faciale","status":"publish","type":"page","link":"https:\/\/cmam.space\/en\/acupuncture-faciale\/","title":{"rendered":"Facial Regeneration Through Acupuncture"},"content":{"rendered":"<p>Facial and constitutional regeneration through acupuncture offers care in order to balance the state of health in general.<\/p>\n\n\n\n<p>A place of powerful energetic irrigation, the face is the mirror where the emotions of the individual are reflected and which expresses the deepest state of health.<\/p>\n\n\n\n<h3 class=\"wp-block-heading\">The benefits of acupuncture on the face:<\/h3>\n\n\n\n<div class=\"wp-block-image is-style-rounded\"><figure class=\"alignright size-large\"><img loading=\"lazy\" decoding=\"async\" width=\"300\" height=\"300\" src=\"https:\/\/cmam.space\/wp-content\/uploads\/2020\/06\/acupuncture-faciale-technique.jpg\" alt=\"\" class=\"wp-image-351\" srcset=\"https:\/\/cmam.space\/wp-content\/uploads\/2020\/06\/acupuncture-faciale-technique.jpg 300w, https:\/\/cmam.space\/wp-content\/uploads\/2020\/06\/acupuncture-faciale-technique-150x150.jpg 150w, https:\/\/cmam.space\/wp-content\/uploads\/2020\/06\/acupuncture-faciale-technique-75x75.jpg 75w\" sizes=\"auto, (max-width: 300px) 100vw, 300px\" \/><\/figure><\/div>\n\n\n\n<ul class=\"wp-block-list\"><li>eliminates fine wrinkles and reduces larger wrinkles<\/li><li>can improve collagen production and muscle tone<\/li><li>tones sagging areas<\/li><li>eliminates facial edema and bags under the eyes<\/li><li>reduced flaccidity of the skin of the neck<\/li><li>increases local circulation of blood and lymph<\/li><li>gives more radiance to the skin<\/li><li>reduces stress, improves overall health<\/li><li>alleviated symptoms of stroke and Bell's palsy<\/li><li> relieves neuropathies and temporomandibular joint disorder, etc.<\/li><\/ul>\n\n\n\n<h3 class=\"wp-block-heading\">The constitutional benefits:<\/h3>\n\n\n\n<ul class=\"wp-block-list\"><li>relieves sinus congestion and headaches<\/li><li>relieves acne (caused by hormonal imbalance)<\/li><li>accelerates the healing of scars by reducing tissue fibrosis, etc.<\/li><\/ul>\n\n\n\n<h3 class=\"wp-block-heading\">Our Facial Regeneration Acupuncture Services<\/h3>\n\n\n\n<figure class=\"wp-block-video\"><video height=\"480\" style=\"aspect-ratio: 848 \/ 480;\" width=\"848\" controls src=\"https:\/\/cmam.space\/wp-content\/uploads\/2020\/06\/acupuncture-faciale-video.mp4\"><\/video><\/figure>","protected":false},"excerpt":{"rendered":"<p>La r\u00e9g\u00e9n\u00e9ration faciale et constitutionnelle par l\u2019acupuncture propose des soins dans le but d\u2019\u00e9quilibrer l\u2019\u00e9tat de la sant\u00e9 en g\u00e9n\u00e9ral. Endroit d\u2019une puissante irrigation \u00e9nerg\u00e9tique, le visage est le miroir ou se refl\u00e8tent les \u00e9motions de l\u2019individu et qui exprime l\u2019\u00e9tat le plus profond de la sant\u00e9. Les bienfaits de l\u2019acupuncture au niveau du visage: [&hellip;]<\/p>","protected":false},"author":1,"featured_media":0,"parent":0,"menu_order":0,"comment_status":"closed","ping_status":"closed","template":"","meta":{"_genesis_hide_title":false,"_genesis_hide_breadcrumbs":false,"_genesis_hide_singular_image":false,"_genesis_hide_footer_widgets":false,"_genesis_custom_body_class":"","_genesis_custom_post_class":"","_genesis_layout":"","footnotes":""},"class_list":{"0":"post-75","1":"page","2":"type-page","3":"status-publish","5":"entry"},"featured_image_src":null,"featured_image_src_square":null,"_links":{"self":[{"href":"https:\/\/cmam.space\/en\/wp-json\/wp\/v2\/pages\/75","targetHints":{"allow":["GET"]}}],"collection":[{"href":"https:\/\/cmam.space\/en\/wp-json\/wp\/v2\/pages"}],"about":[{"href":"https:\/\/cmam.space\/en\/wp-json\/wp\/v2\/types\/page"}],"author":[{"embeddable":true,"href":"https:\/\/cmam.space\/en\/wp-json\/wp\/v2\/users\/1"}],"replies":[{"embeddable":true,"href":"https:\/\/cmam.space\/en\/wp-json\/wp\/v2\/comments?post=75"}],"version-history":[{"count":13,"href":"https:\/\/cmam.space\/en\/wp-json\/wp\/v2\/pages\/75\/revisions"}],"predecessor-version":[{"id":555,"href":"https:\/\/cmam.space\/en\/wp-json\/wp\/v2\/pages\/75\/revisions\/555"}],"wp:attachment":[{"href":"https:\/\/cmam.space\/en\/wp-json\/wp\/v2\/media?parent=75"}],"curies":[{"name":"wp","href":"https:\/\/api.w.org\/{rel}","templated":true}]}}