{"id":73,"date":"2020-05-14T01:31:49","date_gmt":"2020-05-14T01:31:49","guid":{"rendered":"https:\/\/cmam.space\/?page_id=73"},"modified":"2020-08-11T14:04:32","modified_gmt":"2020-08-11T18:04:32","slug":"acupuncture-pour-les-bebes-enfants-et-adolescents","status":"publish","type":"page","link":"https:\/\/cmam.space\/en\/acupuncture-pour-les-bebes-enfants-et-adolescents\/","title":{"rendered":"Acupuncture for Babies, Children and Adolescents"},"content":{"rendered":"<p>Acupuncture treatments are useful for a harmonious and global development, from birth to adolescence.<\/p>\n\n\n\n<div class=\"wp-block-image is-style-rounded\"><figure class=\"alignright size-large is-resized\"><img loading=\"lazy\" decoding=\"async\" src=\"https:\/\/cmam.space\/wp-content\/uploads\/2020\/06\/acupuncture-enfants-ados-bebes.jpg\" alt=\"\" class=\"wp-image-333\" width=\"300\" height=\"300\" srcset=\"https:\/\/cmam.space\/wp-content\/uploads\/2020\/06\/acupuncture-enfants-ados-bebes.jpg 300w, https:\/\/cmam.space\/wp-content\/uploads\/2020\/06\/acupuncture-enfants-ados-bebes-150x150.jpg 150w, https:\/\/cmam.space\/wp-content\/uploads\/2020\/06\/acupuncture-enfants-ados-bebes-75x75.jpg 75w\" sizes=\"auto, (max-width: 300px) 100vw, 300px\" \/><\/figure><\/div>\n\n\n\n<p>The most frequent reasons for consultation are:<\/p>\n\n\n\n<ul class=\"wp-block-list\"><li>colic, gastric reflux and toothache<\/li><li>fragile immune system<\/li><li>sinusitis, ear infections, colds, flu, allergies, asthma<\/li><li>digestive disorders<\/li><li>enuresis (bedwetting)<\/li><li>sleep disorder<\/li><li>various pains<\/li><li>lack of concentration, restlessness, etc.<\/li><\/ul>\n\n\n\n<div class=\"wp-block-image is-style-rounded\"><figure class=\"alignleft size-large\"><img loading=\"lazy\" decoding=\"async\" width=\"300\" height=\"300\" src=\"https:\/\/cmam.space\/wp-content\/uploads\/2020\/08\/acupuncture-ados-enfants-martial-arts.jpg\" alt=\"\" class=\"wp-image-632\" srcset=\"https:\/\/cmam.space\/wp-content\/uploads\/2020\/08\/acupuncture-ados-enfants-martial-arts.jpg 300w, https:\/\/cmam.space\/wp-content\/uploads\/2020\/08\/acupuncture-ados-enfants-martial-arts-150x150.jpg 150w, https:\/\/cmam.space\/wp-content\/uploads\/2020\/08\/acupuncture-ados-enfants-martial-arts-75x75.jpg 75w\" sizes=\"auto, (max-width: 300px) 100vw, 300px\" \/><\/figure><\/div>\n\n\n\n<p><strong>During adolescence:<\/strong> lack of focus, fatigue, acne, anxiety, problems with eating and appetite, headaches and migraines, sleeping problems.<\/p>","protected":false},"excerpt":{"rendered":"<p>Les traitements d\u2019acupuncture sont utiles \u00e0 un d\u00e9veloppement harmonieux et global, d\u00e8s la naissance \u00e0 l\u2019adolescence. Les raisons de consultation les plus fr\u00e9quentes sont&nbsp;: coliques, reflux gastrique et maux de dents syst\u00e8me immunitaire fragile sinusites, otites, rhume, grippe, allergies, asthme troubles digestifs \u00e9nur\u00e9sie (pipi au lit) trouble du sommeil douleurs diverses manque de concentration, agitation, [&hellip;]<\/p>","protected":false},"author":1,"featured_media":0,"parent":0,"menu_order":0,"comment_status":"closed","ping_status":"closed","template":"","meta":{"_genesis_hide_title":false,"_genesis_hide_breadcrumbs":false,"_genesis_hide_singular_image":false,"_genesis_hide_footer_widgets":false,"_genesis_custom_body_class":"","_genesis_custom_post_class":"","_genesis_layout":"","footnotes":""},"class_list":{"0":"post-73","1":"page","2":"type-page","3":"status-publish","5":"entry"},"featured_image_src":null,"featured_image_src_square":null,"_links":{"self":[{"href":"https:\/\/cmam.space\/en\/wp-json\/wp\/v2\/pages\/73","targetHints":{"allow":["GET"]}}],"collection":[{"href":"https:\/\/cmam.space\/en\/wp-json\/wp\/v2\/pages"}],"about":[{"href":"https:\/\/cmam.space\/en\/wp-json\/wp\/v2\/types\/page"}],"author":[{"embeddable":true,"href":"https:\/\/cmam.space\/en\/wp-json\/wp\/v2\/users\/1"}],"replies":[{"embeddable":true,"href":"https:\/\/cmam.space\/en\/wp-json\/wp\/v2\/comments?post=73"}],"version-history":[{"count":5,"href":"https:\/\/cmam.space\/en\/wp-json\/wp\/v2\/pages\/73\/revisions"}],"predecessor-version":[{"id":633,"href":"https:\/\/cmam.space\/en\/wp-json\/wp\/v2\/pages\/73\/revisions\/633"}],"wp:attachment":[{"href":"https:\/\/cmam.space\/en\/wp-json\/wp\/v2\/media?parent=73"}],"curies":[{"name":"wp","href":"https:\/\/api.w.org\/{rel}","templated":true}]}}