{"id":71,"date":"2020-05-14T01:31:30","date_gmt":"2020-05-14T01:31:30","guid":{"rendered":"https:\/\/cmam.space\/?page_id=71"},"modified":"2020-08-07T17:02:05","modified_gmt":"2020-08-07T21:02:05","slug":"acupuncture-pour-la-sante-de-femmes","status":"publish","type":"page","link":"https:\/\/cmam.space\/en\/acupuncture-pour-la-sante-de-femmes\/","title":{"rendered":"Acupuncture for Women\u2019s Health"},"content":{"rendered":"<p>Although acupuncture is a preventive medicine foremost, it is  very effective in the relief and treatment of symptoms associated with pregnancy, with various obstetrical conditions and with postpartum period.<\/p>\n\n\n\n<div class=\"wp-block-image is-style-rounded\"><figure class=\"alignright size-large\"><img loading=\"lazy\" decoding=\"async\" width=\"300\" height=\"300\" src=\"https:\/\/cmam.space\/wp-content\/uploads\/2020\/06\/acupuncture-services-sante-femmes-main.jpg\" alt=\"\" class=\"wp-image-255\" srcset=\"https:\/\/cmam.space\/wp-content\/uploads\/2020\/06\/acupuncture-services-sante-femmes-main.jpg 300w, https:\/\/cmam.space\/wp-content\/uploads\/2020\/06\/acupuncture-services-sante-femmes-main-150x150.jpg 150w, https:\/\/cmam.space\/wp-content\/uploads\/2020\/06\/acupuncture-services-sante-femmes-main-75x75.jpg 75w\" sizes=\"auto, (max-width: 300px) 100vw, 300px\" \/><\/figure><\/div>\n\n\n\n<p>From puberty to menopause, the female\u2019s body goes through cyclical physiological, hormonal and psychological changes. Acupuncture offers safe treatments that help women live each period of their life more harmoniously.<\/p>\n\n\n\n<p>Acupuncture can provide benefits in the following situations:<\/p>\n\n\n\n<ul class=\"wp-block-list\"><li><strong>FROM PUBERTY TO MENOPAUSE<\/strong>: premenstrual syndrome, menstrual cycle disorders (irregular menstrual cycle, dysmenorrhoea, amenorrhea) vaginal discharge, infertility, decreased libido: during menopause (hot flashes, night sweating, anxiety, insomnia, pain during intercourse, etc)<\/li><li><strong>DURING PREGNANCY<\/strong>: nausea, vomiting, heartburn, constipation, diarheea, haemorroids, sciatic nerve pain, leg cramps, carpal tunnel syndrome, fatigue, insomnia, anxiety, leg cramps, ankles oedema, <span style=\"text-decoration: underline;\">breech presentation of the baby<\/span>.<\/li><li><strong>TO PREPARE FOR CHILDBIRTH<\/strong><\/li><li><strong>DURING LABOUR AND DELIVERY<\/strong>: it reduces the labour time, it prepares the cervical ripening and softening of the perineum, regulates uterine contractions, stimulates foetal descent, stimulates the delivery of the placenta.<\/li><li><strong>DURING THE POSTNATAL PERIOD<\/strong>: breastfeeding difficulties (insufficient lactation), night sweats, post-partum depression, fatigue, insomnia, headaches, haemorroids, etc<\/li><\/ul>\n\n\n\n<figure class=\"wp-block-embed-youtube wp-block-embed is-type-video is-provider-youtube wp-embed-aspect-16-9 wp-has-aspect-ratio\"><div class=\"wp-block-embed__wrapper\">\n<iframe loading=\"lazy\" title=\"05 - L&#039;ACUPUNCTURE ET LA SANT\u00c9 DES FEMMES\" width=\"500\" height=\"281\" src=\"https:\/\/www.youtube.com\/embed\/pDOA3miUsVE?feature=oembed\" frameborder=\"0\" allow=\"accelerometer; autoplay; clipboard-write; encrypted-media; gyroscope; picture-in-picture; web-share\" referrerpolicy=\"strict-origin-when-cross-origin\" allowfullscreen><\/iframe>\n<\/div><\/figure>","protected":false},"excerpt":{"rendered":"<p>Bien que l\u2019acupuncture soit une m\u00e9decine pr\u00e9ventive avant tout, elle s\u2019av\u00e8re tr\u00e8s efficace dans le soulagement et le traitement des sympt\u00f4mes associ\u00e9s \u00e0 la grossesse, aux diff\u00e9rentes conditions obst\u00e9tricales et \u00e0 la p\u00e9riode post-partum. De la pubert\u00e9 \u00e0 la m\u00e9nopause, le corps de la femme subit des transformations cycliques physiologiques, hormonaux et phycologiques. L\u2019acupuncture offre [&hellip;]<\/p>","protected":false},"author":1,"featured_media":0,"parent":0,"menu_order":0,"comment_status":"closed","ping_status":"closed","template":"","meta":{"_genesis_hide_title":false,"_genesis_hide_breadcrumbs":false,"_genesis_hide_singular_image":false,"_genesis_hide_footer_widgets":false,"_genesis_custom_body_class":"","_genesis_custom_post_class":"","_genesis_layout":"","footnotes":""},"class_list":{"0":"post-71","1":"page","2":"type-page","3":"status-publish","5":"entry"},"featured_image_src":null,"featured_image_src_square":null,"_links":{"self":[{"href":"https:\/\/cmam.space\/en\/wp-json\/wp\/v2\/pages\/71","targetHints":{"allow":["GET"]}}],"collection":[{"href":"https:\/\/cmam.space\/en\/wp-json\/wp\/v2\/pages"}],"about":[{"href":"https:\/\/cmam.space\/en\/wp-json\/wp\/v2\/types\/page"}],"author":[{"embeddable":true,"href":"https:\/\/cmam.space\/en\/wp-json\/wp\/v2\/users\/1"}],"replies":[{"embeddable":true,"href":"https:\/\/cmam.space\/en\/wp-json\/wp\/v2\/comments?post=71"}],"version-history":[{"count":5,"href":"https:\/\/cmam.space\/en\/wp-json\/wp\/v2\/pages\/71\/revisions"}],"predecessor-version":[{"id":618,"href":"https:\/\/cmam.space\/en\/wp-json\/wp\/v2\/pages\/71\/revisions\/618"}],"wp:attachment":[{"href":"https:\/\/cmam.space\/en\/wp-json\/wp\/v2\/media?parent=71"}],"curies":[{"name":"wp","href":"https:\/\/api.w.org\/{rel}","templated":true}]}}