{"id":69,"date":"2020-05-14T01:31:09","date_gmt":"2020-05-14T01:31:09","guid":{"rendered":"https:\/\/cmam.space\/?page_id=69"},"modified":"2020-06-17T19:09:50","modified_gmt":"2020-06-17T23:09:50","slug":"acupuncture-pour-toute-la-famille","status":"publish","type":"page","link":"https:\/\/cmam.space\/en\/acupuncture-pour-toute-la-famille\/","title":{"rendered":"Acupuncture for the Entire Family"},"content":{"rendered":"<p>Acupuncture is part of a millennial medicine that stimulates the body's healing capacity and by a correct diagnosis followed by a treatment well suited to each patient, it can improve or successfully treat a wide range of conditions including:<\/p>\n\n\n\n<ul class=\"wp-block-list\"><li class=\"translation-block\"><strong>muscle and joint disorders<\/strong> (pain in the neck, shoulders, elbows, handles, hips, knees, fibromyalgia, stiff neck, sciatic nerve pain, plantar fasciitis, Lenoir's spine, etc.)<\/li><li><strong><strong>respiratory disorders <\/strong><\/strong> (cough, cold, seasonal allergies, sinusitis, asthma, etc.)<\/li><li><strong>circulatory disorders<\/strong> of the extremities, irregular heartbeat, etc.<\/li><li><strong>digestive disorders:<\/strong> irritable bowel syndrome, colitis, constipation, diarrhea, bloating, gastric reflux, hemorrhoids, etc.<\/li><li><strong>urination disorders,<\/strong> recurrent urinary tract infections, etc.<\/li><li><strong>menstrual cycle disorders,<\/strong> infertility, lack of libido, hot flashes, etc.<\/li><li><strong>stress,<\/strong> anxiety, nervousness, depression, sleep disturbances, headaches, etc.<\/li><li><strong>smoking cessation, weight loss, etc.<\/strong><\/li><\/ul>\n\n\n\n<figure class=\"wp-block-embed-youtube wp-block-embed is-type-video is-provider-youtube wp-embed-aspect-16-9 wp-has-aspect-ratio\"><div class=\"wp-block-embed__wrapper\">\n<iframe loading=\"lazy\" title=\"L\u2019acupuncteur partenaire de votre sante\u0301\" width=\"500\" height=\"281\" src=\"https:\/\/www.youtube.com\/embed\/tRswSllaPFI?feature=oembed\" frameborder=\"0\" allow=\"accelerometer; autoplay; clipboard-write; encrypted-media; gyroscope; picture-in-picture; web-share\" referrerpolicy=\"strict-origin-when-cross-origin\" allowfullscreen><\/iframe>\n<\/div><\/figure>\n\n\n\n<figure class=\"wp-block-embed-youtube wp-block-embed is-type-video is-provider-youtube wp-embed-aspect-16-9 wp-has-aspect-ratio\"><div class=\"wp-block-embed__wrapper\">\n<iframe loading=\"lazy\" title=\"01 L&#039;ACUPUNCTURE EN BREF \u2014 LES ACUPUNCTEURS, DES PROFESSIONNELS RECONNUS\" width=\"500\" height=\"281\" src=\"https:\/\/www.youtube.com\/embed\/LwsqA_nE9kU?feature=oembed\" frameborder=\"0\" allow=\"accelerometer; autoplay; clipboard-write; encrypted-media; gyroscope; picture-in-picture; web-share\" referrerpolicy=\"strict-origin-when-cross-origin\" allowfullscreen><\/iframe>\n<\/div><\/figure>\n\n\n\n<figure class=\"wp-block-embed-youtube wp-block-embed is-type-video is-provider-youtube wp-embed-aspect-16-9 wp-has-aspect-ratio\"><div class=\"wp-block-embed__wrapper\">\n<iframe loading=\"lazy\" title=\"06 L\u2019ACUPUNCTURE, UNE ALLI\u00c9E COMPL\u00c9MENTAIRE DANS LE TRAITEMENT DU CANCER\" width=\"500\" height=\"281\" src=\"https:\/\/www.youtube.com\/embed\/imbkPpQ02ao?feature=oembed\" frameborder=\"0\" allow=\"accelerometer; autoplay; clipboard-write; encrypted-media; gyroscope; picture-in-picture; web-share\" referrerpolicy=\"strict-origin-when-cross-origin\" allowfullscreen><\/iframe>\n<\/div><\/figure>\n\n\n\n<figure class=\"wp-block-embed-youtube wp-block-embed is-type-video is-provider-youtube wp-embed-aspect-16-9 wp-has-aspect-ratio\"><div class=\"wp-block-embed__wrapper\">\n<iframe loading=\"lazy\" title=\"02 L&#039;ACUPUNCTURE, UNE SOLUTION \u00c9PROUV\u00c9E CONTRE LA DOULEUR\" width=\"500\" height=\"281\" src=\"https:\/\/www.youtube.com\/embed\/lUymHGAEEXc?feature=oembed\" frameborder=\"0\" allow=\"accelerometer; autoplay; clipboard-write; encrypted-media; gyroscope; picture-in-picture; web-share\" referrerpolicy=\"strict-origin-when-cross-origin\" allowfullscreen><\/iframe>\n<\/div><\/figure>","protected":false},"excerpt":{"rendered":"<p>L\u2019acupuncture fait partie d\u2019une m\u00e9decine mill\u00e9naire qui stimule la capacite de gu\u00e9rison de l\u2019organisme et par un diagnostic correct suivi par un traitement bien adapt\u00e9 \u00e0 chaque patient, elle peut am\u00e9liorer ou traiter avec succ\u00e8s un large \u00e9ventail des conditions y compris&nbsp;: troubles musculaires et articulaires (douleurs du cou, \u00e9paules, coudes, poignes, hanches, genoux, fibromyalgie, [&hellip;]<\/p>","protected":false},"author":1,"featured_media":0,"parent":0,"menu_order":0,"comment_status":"closed","ping_status":"closed","template":"","meta":{"_genesis_hide_title":false,"_genesis_hide_breadcrumbs":false,"_genesis_hide_singular_image":false,"_genesis_hide_footer_widgets":false,"_genesis_custom_body_class":"","_genesis_custom_post_class":"","_genesis_layout":"","footnotes":""},"class_list":{"0":"post-69","1":"page","2":"type-page","3":"status-publish","5":"entry"},"featured_image_src":null,"featured_image_src_square":null,"_links":{"self":[{"href":"https:\/\/cmam.space\/en\/wp-json\/wp\/v2\/pages\/69","targetHints":{"allow":["GET"]}}],"collection":[{"href":"https:\/\/cmam.space\/en\/wp-json\/wp\/v2\/pages"}],"about":[{"href":"https:\/\/cmam.space\/en\/wp-json\/wp\/v2\/types\/page"}],"author":[{"embeddable":true,"href":"https:\/\/cmam.space\/en\/wp-json\/wp\/v2\/users\/1"}],"replies":[{"embeddable":true,"href":"https:\/\/cmam.space\/en\/wp-json\/wp\/v2\/comments?post=69"}],"version-history":[{"count":8,"href":"https:\/\/cmam.space\/en\/wp-json\/wp\/v2\/pages\/69\/revisions"}],"predecessor-version":[{"id":439,"href":"https:\/\/cmam.space\/en\/wp-json\/wp\/v2\/pages\/69\/revisions\/439"}],"wp:attachment":[{"href":"https:\/\/cmam.space\/en\/wp-json\/wp\/v2\/media?parent=69"}],"curies":[{"name":"wp","href":"https:\/\/api.w.org\/{rel}","templated":true}]}}