{"id":16,"date":"2020-05-13T03:44:32","date_gmt":"2020-05-13T03:44:32","guid":{"rendered":"https:\/\/cmam.space\/about-us\/"},"modified":"2020-08-12T17:30:33","modified_gmt":"2020-08-12T21:30:33","slug":"a-propos","status":"publish","type":"page","link":"https:\/\/cmam.space\/en\/a-propos\/","title":{"rendered":"About"},"content":{"rendered":"<div class=\"wp-block-image is-style-rounded\"><figure class=\"alignright size-large is-resized\"><img loading=\"lazy\" decoding=\"async\" src=\"https:\/\/cmam.space\/wp-content\/uploads\/2020\/05\/amelia-pacili-acupuncture-about-cropped.jpg\" alt=\"portrait of amelia pacili the acupuncturist\" class=\"wp-image-46\" width=\"225\" height=\"225\" srcset=\"https:\/\/cmam.space\/wp-content\/uploads\/2020\/05\/amelia-pacili-acupuncture-about-cropped.jpg 258w, https:\/\/cmam.space\/wp-content\/uploads\/2020\/05\/amelia-pacili-acupuncture-about-cropped-150x150.jpg 150w, https:\/\/cmam.space\/wp-content\/uploads\/2020\/05\/amelia-pacili-acupuncture-about-cropped-75x75.jpg 75w\" sizes=\"auto, (max-width: 225px) 100vw, 225px\" \/><figcaption><strong>Member of the OAQ and AAQ<\/strong><\/figcaption><\/figure><\/div>\n\n\n\n<p>My interest in acupuncture gradually evolved after I graduated in veterinary medicine university studies in Romania and after 8 years of pre-clinical and clinical studies at McGill University Health Center.<\/p>\n\n\n\n<p>The previous experience allowed me to have a global vision on health and to understand the importance of a holistic therapeutic approach.<\/p>\n\n\n\n<p>I started my clinical practice in acupuncture in 2013 after I graduated the acupuncture program at Rosemont College at Montreal.<\/p>\n\n\n\n<p>In 2013, I have followed the clinical rotation in obstetrical acupuncture at LaSalle Hospital followed by several courses of continued education in gynecological acupuncture from puberty to menopause founded and run by Mr. Jean Levesque.<\/p>\n\n\n\n<p>In 2013, I started my clinical practice in Auriculomedicine with the clinical applications of Dr. Nogier\u2019s methods of diagnosis, followed by the applications of VAS in the acupuncture practice run by Dr. Massimo di Villadorata.<\/p>\n\n\n\n<p>In 2014, I was trained in \u201cTreating babies and children with Acupuncture and Dietary Advise\u201d by Dr. Julien Scott.<\/p>\n\n\n\n<p>Between 2016-2017, I have developed my clinical skills with methods of pain management: microcurrents, tens and electroacupuncture.<\/p>\n\n\n\n<p>Between 2019-2020, I have improved my methods of treatment by the courses of  Laser therapy and its clinical application (VAS, Nogier\u2019s frequencies and Bahr\u2019s frequencies).<\/p>\n\n\n\n<p>From 2019 to present day, I have been a part of the program German Auricular Medicine Advanced Methods by Dr. Frank Bahr.<\/p>\n\n\n\n<p>Last but not least the acupuncturist and the methods of treatment of the Alternative Medicine Center Amelia Pacili are all dedicated to the patients looking for a unique and personalized approach of treatment for a better health.<\/p>\n\n\n\n<div class=\"wp-block-image\"><figure class=\"alignright size-large\"><img loading=\"lazy\" decoding=\"async\" width=\"343\" height=\"52\" src=\"https:\/\/cmam.space\/wp-content\/uploads\/2020\/07\/ap-signature-ac.png\" alt=\"\" class=\"wp-image-585\" srcset=\"https:\/\/cmam.space\/wp-content\/uploads\/2020\/07\/ap-signature-ac.png 343w, https:\/\/cmam.space\/wp-content\/uploads\/2020\/07\/ap-signature-ac-300x45.png 300w\" sizes=\"auto, (max-width: 343px) 100vw, 343px\" \/><\/figure><\/div>\n\n\n\n<p><\/p>","protected":false},"excerpt":{"rendered":"<p>Mon int\u00e9r\u00eat pour l\u2019acupuncture est apparu apr\u00e8s avoir fait mes \u00e9tudes universitaires en m\u00e9decine v\u00e9t\u00e9rinaire en Roumanie et 8 ans de recherche pr\u00e9-clinique et clinique au Centre de Recherche McGill. L\u2019exp\u00e9rience ant\u00e9rieure m\u2019a permis d\u2019avoir une vision d\u2019ensemble de la sant\u00e9 et de l\u2019importance d\u2019un approche th\u00e9rapeutique holistique. J\u2019ai d\u00e9but\u00e9 ma pratique en acupuncture en [&hellip;]<\/p>","protected":false},"author":1,"featured_media":17,"parent":0,"menu_order":0,"comment_status":"closed","ping_status":"closed","template":"","meta":{"_genesis_hide_title":false,"_genesis_hide_breadcrumbs":false,"_genesis_hide_singular_image":true,"_genesis_hide_footer_widgets":false,"_genesis_custom_body_class":"","_genesis_custom_post_class":"","_genesis_layout":"full-width-content","footnotes":""},"class_list":{"0":"post-16","1":"page","2":"type-page","3":"status-publish","4":"has-post-thumbnail","6":"entry"},"featured_image_src":"https:\/\/cmam.space\/wp-content\/uploads\/2020\/05\/about-600x400.jpg","featured_image_src_square":"https:\/\/cmam.space\/wp-content\/uploads\/2020\/05\/about-600x600.jpg","_links":{"self":[{"href":"https:\/\/cmam.space\/en\/wp-json\/wp\/v2\/pages\/16","targetHints":{"allow":["GET"]}}],"collection":[{"href":"https:\/\/cmam.space\/en\/wp-json\/wp\/v2\/pages"}],"about":[{"href":"https:\/\/cmam.space\/en\/wp-json\/wp\/v2\/types\/page"}],"author":[{"embeddable":true,"href":"https:\/\/cmam.space\/en\/wp-json\/wp\/v2\/users\/1"}],"replies":[{"embeddable":true,"href":"https:\/\/cmam.space\/en\/wp-json\/wp\/v2\/comments?post=16"}],"version-history":[{"count":5,"href":"https:\/\/cmam.space\/en\/wp-json\/wp\/v2\/pages\/16\/revisions"}],"predecessor-version":[{"id":637,"href":"https:\/\/cmam.space\/en\/wp-json\/wp\/v2\/pages\/16\/revisions\/637"}],"wp:featuredmedia":[{"embeddable":true,"href":"https:\/\/cmam.space\/en\/wp-json\/wp\/v2\/media\/17"}],"wp:attachment":[{"href":"https:\/\/cmam.space\/en\/wp-json\/wp\/v2\/media?parent=16"}],"curies":[{"name":"wp","href":"https:\/\/api.w.org\/{rel}","templated":true}]}}