{"id":14,"date":"2020-05-13T03:44:31","date_gmt":"2020-05-13T03:44:31","guid":{"rendered":"https:\/\/cmam.space\/homepage\/"},"modified":"2020-07-22T19:59:38","modified_gmt":"2020-07-22T23:59:38","slug":"homepage","status":"publish","type":"page","link":"https:\/\/cmam.space\/en\/","title":{"rendered":"Home"},"content":{"rendered":"<div class=\"wp-block-media-text alignfull is-stacked-on-mobile\"><figure class=\"wp-block-media-text__media\"><img loading=\"lazy\" decoding=\"async\" width=\"1024\" height=\"683\" src=\"https:\/\/cmam.space\/wp-content\/uploads\/2020\/05\/centre-medecine-montreal-amelia-pacili-accueil-1024x683.jpg\" alt=\"Centre de medecine de Montreal Acupuncture Amelia Pacili Blossom Tree in front of Clinic\" class=\"wp-image-201\" srcset=\"https:\/\/cmam.space\/wp-content\/uploads\/2020\/05\/centre-medecine-montreal-amelia-pacili-accueil-1024x683.jpg 1024w, https:\/\/cmam.space\/wp-content\/uploads\/2020\/05\/centre-medecine-montreal-amelia-pacili-accueil-300x200.jpg 300w, https:\/\/cmam.space\/wp-content\/uploads\/2020\/05\/centre-medecine-montreal-amelia-pacili-accueil-768x512.jpg 768w, https:\/\/cmam.space\/wp-content\/uploads\/2020\/05\/centre-medecine-montreal-amelia-pacili-accueil-1536x1024.jpg 1536w, https:\/\/cmam.space\/wp-content\/uploads\/2020\/05\/centre-medecine-montreal-amelia-pacili-accueil-600x400.jpg 600w, https:\/\/cmam.space\/wp-content\/uploads\/2020\/05\/centre-medecine-montreal-amelia-pacili-accueil.jpg 2048w\" sizes=\"auto, (max-width: 1024px) 100vw, 1024px\" \/><\/figure><div class=\"wp-block-media-text__content\">\n<h1 class=\"wp-block-heading\"><strong>BE IN HARMONY WITH YOURSELF<\/strong><\/h1>\n\n\n\n<p>Discover the 5 important keys to good health.<\/p>\n\n\n\n<div class=\"wp-block-buttons alignleft is-layout-flex wp-block-buttons-is-layout-flex\">\n<div class=\"wp-block-button\"><a class=\"wp-block-button__link has-text-color has-background\" href=\"https:\/\/cmam.space\/en\/5-cles-pour-etre-en-harmonie-avec-soi-meme\/\" style=\"background-color:#f7e8ef;color:#000000\">Read More<\/a><\/div>\n<\/div>\n<\/div><\/div>\n\n\n\n<div style=\"background-color:#f9f2e9;padding-top:4.5%\" class=\"wp-block-atomic-blocks-ab-container ab-block-container alignfull\"><div class=\"ab-container-inside\"><div class=\"ab-container-content\" style=\"max-width:1600px\">\n<div class=\"wp-block-media-text alignfull has-media-on-the-right is-stacked-on-mobile\" style=\"grid-template-columns:auto 27%\"><figure class=\"wp-block-media-text__media\"><img loading=\"lazy\" decoding=\"async\" width=\"300\" height=\"300\" src=\"https:\/\/cmam.space\/wp-content\/uploads\/2020\/06\/acupuncture-a-propos.png\" alt=\"\" class=\"wp-image-445\" srcset=\"https:\/\/cmam.space\/wp-content\/uploads\/2020\/06\/acupuncture-a-propos.png 300w, https:\/\/cmam.space\/wp-content\/uploads\/2020\/06\/acupuncture-a-propos-150x150.png 150w, https:\/\/cmam.space\/wp-content\/uploads\/2020\/06\/acupuncture-a-propos-75x75.png 75w\" sizes=\"auto, (max-width: 300px) 100vw, 300px\" \/><\/figure><div class=\"wp-block-media-text__content\">\n<h2 class=\"services-title-main wp-block-heading\">WHO WE ARE<\/h2>\n\n\n\n<p>At the Amelia Pacili Alternative Medicine Center of Montreal, we have a global vision of health and of the importance of a holistic therapeutic approach. Your well-being is at the heart of our values.<\/p>\n\n\n\n<div class=\"wp-block-buttons is-layout-flex wp-block-buttons-is-layout-flex\">\n<div class=\"wp-block-button\"><a class=\"wp-block-button__link has-text-color\" href=\"https:\/\/cmam.space\/en\/a-propos\/\" style=\"color:#ffffff\">Read More<\/a><\/div>\n<\/div>\n<\/div><\/div>\n<\/div><\/div><\/div>\n\n\n\n<div style=\"color:#ddd\" class=\"wp-block-atomic-blocks-ab-spacer ab-block-spacer ab-divider-solid ab-divider-size-1\"><hr style=\"height:60px\"\/><\/div>\n\n\n\n<h2 class=\"has-text-align-center services-title-main wp-block-heading\">OUR SERVICES<\/h2>\n\n\n\n<div style=\"color:#ddd\" class=\"wp-block-atomic-blocks-ab-spacer ab-block-spacer ab-divider-solid ab-divider-size-1\"><hr style=\"height:25px\"\/><\/div>\n\n\n\n<div class=\"wp-block-atomic-blocks-ab-columns ab-layout-columns-5 ab-5-col-equal alignwide\"><div class=\"ab-layout-column-wrap ab-block-layout-column-gap-2 ab-is-responsive-column\">\n<div class=\"wp-block-atomic-blocks-ab-column ab-block-layout-column\"><div class=\"ab-block-layout-column-inner\">\n<div class=\"wp-block-group\"><div class=\"wp-block-group__inner-container is-layout-flow wp-block-group-is-layout-flow\">\n<div class=\"wp-block-image is-style-rounded\"><figure class=\"aligncenter size-full\"><img loading=\"lazy\" decoding=\"async\" width=\"300\" height=\"300\" src=\"https:\/\/cmam.space\/wp-content\/uploads\/2020\/05\/acupuncture-needles-services-sepia-optimized.jpg\" alt=\"Acupuncture pour toute la famille\" class=\"wp-image-211\" srcset=\"https:\/\/cmam.space\/wp-content\/uploads\/2020\/05\/acupuncture-needles-services-sepia-optimized.jpg 300w, https:\/\/cmam.space\/wp-content\/uploads\/2020\/05\/acupuncture-needles-services-sepia-optimized-150x150.jpg 150w, https:\/\/cmam.space\/wp-content\/uploads\/2020\/05\/acupuncture-needles-services-sepia-optimized-75x75.jpg 75w\" sizes=\"auto, (max-width: 300px) 100vw, 300px\" \/><\/figure><\/div>\n\n\n\n<p class=\"has-text-align-center\">Acupuncture for the Entire Family<\/p>\n<\/div><\/div>\n\n\n\n<p>Acupuncture is part of a millennial medicine that stimulates the body's...<\/p>\n\n\n\n<p><a href=\"https:\/\/cmam.space\/en\/acupuncture-pour-toute-la-famille\/\">Read More<\/a><\/p>\n<\/div><\/div>\n\n\n\n<div class=\"wp-block-atomic-blocks-ab-column ab-block-layout-column\"><div class=\"ab-block-layout-column-inner\">\n<div class=\"wp-block-group\"><div class=\"wp-block-group__inner-container is-layout-flow wp-block-group-is-layout-flow\">\n<div class=\"wp-block-image is-style-rounded\"><figure class=\"aligncenter size-large\"><img loading=\"lazy\" decoding=\"async\" width=\"300\" height=\"300\" src=\"https:\/\/cmam.space\/wp-content\/uploads\/2020\/06\/acupuncture-services-sante-femmes-main.jpg\" alt=\"\" class=\"wp-image-255\" srcset=\"https:\/\/cmam.space\/wp-content\/uploads\/2020\/06\/acupuncture-services-sante-femmes-main.jpg 300w, https:\/\/cmam.space\/wp-content\/uploads\/2020\/06\/acupuncture-services-sante-femmes-main-150x150.jpg 150w, https:\/\/cmam.space\/wp-content\/uploads\/2020\/06\/acupuncture-services-sante-femmes-main-75x75.jpg 75w\" sizes=\"auto, (max-width: 300px) 100vw, 300px\" \/><\/figure><\/div>\n\n\n\n<p class=\"has-text-align-center\">Acupuncture for Women\u2019s Health<\/p>\n<\/div><\/div>\n\n\n\n<p>Although acupuncture is a preventive medicine foremost, it is...<\/p>\n\n\n\n<p><a href=\"https:\/\/cmam.space\/en\/acupuncture-pour-la-sante-de-femmes\/\">Read More<\/a><\/p>\n<\/div><\/div>\n\n\n\n<div class=\"wp-block-atomic-blocks-ab-column ab-block-layout-column\"><div class=\"ab-block-layout-column-inner\">\n<div class=\"wp-block-group\"><div class=\"wp-block-group__inner-container is-layout-flow wp-block-group-is-layout-flow\">\n<div class=\"wp-block-image is-style-rounded\"><figure class=\"aligncenter size-large\"><img loading=\"lazy\" decoding=\"async\" width=\"300\" height=\"300\" src=\"https:\/\/cmam.space\/wp-content\/uploads\/2020\/06\/acupuncture-services-enfants-main.jpg\" alt=\"\" class=\"wp-image-254\" srcset=\"https:\/\/cmam.space\/wp-content\/uploads\/2020\/06\/acupuncture-services-enfants-main.jpg 300w, https:\/\/cmam.space\/wp-content\/uploads\/2020\/06\/acupuncture-services-enfants-main-150x150.jpg 150w, https:\/\/cmam.space\/wp-content\/uploads\/2020\/06\/acupuncture-services-enfants-main-75x75.jpg 75w\" sizes=\"auto, (max-width: 300px) 100vw, 300px\" \/><\/figure><\/div>\n\n\n\n<p class=\"has-text-align-center\">Acupuncture for Babies and Children<\/p>\n<\/div><\/div>\n\n\n\n<p>Acupuncture treatments are useful for a harmonious and...<\/p>\n\n\n\n<p><a href=\"https:\/\/cmam.space\/en\/acupuncture-pour-les-bebes-enfants-et-adolescents\/\">Read More<\/a><\/p>\n<\/div><\/div>\n\n\n\n<div class=\"wp-block-atomic-blocks-ab-column ab-block-layout-column\"><div class=\"ab-block-layout-column-inner\">\n<div class=\"wp-block-group\"><div class=\"wp-block-group__inner-container is-layout-flow wp-block-group-is-layout-flow\">\n<div class=\"wp-block-image is-style-rounded\"><figure class=\"aligncenter size-large\"><img loading=\"lazy\" decoding=\"async\" width=\"300\" height=\"300\" src=\"https:\/\/cmam.space\/wp-content\/uploads\/2020\/06\/acupuncture-services-faciale-main.jpg\" alt=\"\" class=\"wp-image-253\" srcset=\"https:\/\/cmam.space\/wp-content\/uploads\/2020\/06\/acupuncture-services-faciale-main.jpg 300w, https:\/\/cmam.space\/wp-content\/uploads\/2020\/06\/acupuncture-services-faciale-main-150x150.jpg 150w, https:\/\/cmam.space\/wp-content\/uploads\/2020\/06\/acupuncture-services-faciale-main-75x75.jpg 75w\" sizes=\"auto, (max-width: 300px) 100vw, 300px\" \/><\/figure><\/div>\n\n\n\n<p class=\"has-text-align-center\">Facial Regeneration Through Acupuncture<\/p>\n<\/div><\/div>\n\n\n\n<p>Facial and constitutional regeneration through...<\/p>\n\n\n\n<p><a href=\"https:\/\/cmam.space\/en\/acupuncture-faciale\/\">Read More<\/a><\/p>\n<\/div><\/div>\n\n\n\n<div class=\"wp-block-atomic-blocks-ab-column ab-block-layout-column\"><div class=\"ab-block-layout-column-inner\">\n<div class=\"wp-block-group\"><div class=\"wp-block-group__inner-container is-layout-flow wp-block-group-is-layout-flow\">\n<div class=\"wp-block-image is-style-rounded\"><figure class=\"aligncenter size-large\"><img loading=\"lazy\" decoding=\"async\" width=\"300\" height=\"300\" src=\"https:\/\/cmam.space\/wp-content\/uploads\/2020\/06\/acupuncture-services-vas-main.jpg\" alt=\"\" class=\"wp-image-257\" srcset=\"https:\/\/cmam.space\/wp-content\/uploads\/2020\/06\/acupuncture-services-vas-main.jpg 300w, https:\/\/cmam.space\/wp-content\/uploads\/2020\/06\/acupuncture-services-vas-main-150x150.jpg 150w, https:\/\/cmam.space\/wp-content\/uploads\/2020\/06\/acupuncture-services-vas-main-75x75.jpg 75w\" sizes=\"auto, (max-width: 300px) 100vw, 300px\" \/><\/figure><\/div>\n\n\n\n<p class=\"has-text-align-center\">Auriculomedicine, Laser and VAS<\/p>\n<\/div><\/div>\n\n\n\n<p>Auriculomedicine is a reflex method based on modifications...<\/p>\n\n\n\n<p><a href=\"https:\/\/cmam.space\/en\/auriculomedecine-laser-et-vas\/\">Read More<\/a><\/p>\n<\/div><\/div>\n<\/div><\/div>\n\n\n\n<div style=\"color:#ddd\" class=\"wp-block-atomic-blocks-ab-spacer ab-block-spacer ab-divider-solid ab-divider-size-1\"><hr style=\"height:30px\"\/><\/div>\n\n\n\n<div class=\"wp-block-atomic-blocks-ab-columns ab-layout-columns-2 ab-2-col-equal ab-has-custom-background-color ab-has-custom-text-color ab-columns-center alignfull\" style=\"padding-top:14%;padding-right:5%;padding-bottom:8%;padding-left:5%;background-color:#f9f2e9;color:#ffffff\"><div class=\"ab-layout-column-wrap ab-block-layout-column-gap-2 ab-is-responsive-column\" style=\"max-width:1062px\">\n<div class=\"wp-block-atomic-blocks-ab-column ab-block-layout-column\"><div class=\"ab-block-layout-column-inner\">\n<p style=\"color:#000000;font-size:40px\" class=\"has-text-color has-text-align-left\">What is Acupuncture?<\/p>\n\n\n\n<p style=\"color:#000000\" class=\"has-text-color\">Consult our resources to learn more.<\/p>\n<\/div><\/div>\n\n\n\n<div class=\"wp-block-atomic-blocks-ab-column ab-block-layout-column\"><div class=\"ab-block-layout-column-inner\">\n<div class=\"wp-block-buttons alignright home-contact is-layout-flex wp-block-buttons-is-layout-flex\">\n<div class=\"wp-block-button is-style-outline is-style-outline--1\"><a class=\"wp-block-button__link has-text-color has-theme-primary-color\" href=\"https:\/\/cmam.space\/en\/quest-ce-que-cest-lacupuncture\/\">Learn More<\/a><\/div>\n<\/div>\n<\/div><\/div>\n<\/div><\/div>\n\n\n\n<div style=\"color:#ddd\" class=\"wp-block-atomic-blocks-ab-spacer ab-block-spacer ab-divider-solid ab-divider-size-1\"><hr style=\"height:60px\"\/><\/div>\n\n\n\n<div class=\"wp-block-atomic-blocks-ab-columns ab-layout-columns-2 ab-2-col-equal alignwide\"><div class=\"ab-layout-column-wrap ab-block-layout-column-gap-2 ab-is-responsive-column\">\n<div class=\"wp-block-atomic-blocks-ab-column ab-block-layout-column\"><div class=\"ab-block-layout-column-inner\">\n<div class=\"wp-block-atomic-blocks-ab-accordion ab-font-size-18 ab-block-accordion\"><details open><summary class=\"ab-accordion-title\">I've never tried acupuncture. What can I expect?<\/summary><div class=\"ab-accordion-text\">\n<p>Consultez notre section \u00ab\u00a0<a href=\"https:\/\/cmam.space\/en\/les-plus-frequentes-questions-sur-lacupuncture\/\">Frequently Asked Questions About Acupuncture<\/a>\u00a0\u00bb pour en savoir plus. Il nous fera plaisir de r\u00e9pondre \u00e0 vos questions et vous mettre \u00e0 l&rsquo;aise avant votre premier rendez-vous. <\/p>\n<\/div><\/details><\/div>\n\n\n\n<div class=\"wp-block-atomic-blocks-ab-accordion ab-font-size-18 ab-block-accordion\"><details><summary class=\"ab-accordion-title\">How can I take an appointment?<\/summary><div class=\"ab-accordion-text\">\n<p>You can reach us at <strong>(514)566-2979<\/strong> (cell) or at <strong>(514)522-8644<\/strong> (clinic) to take an appointment.<\/p>\n\n\n\n<p>For more information, <a href=\"https:\/\/cmam.space\/en\/contact-us\/\">Contact us<\/a>.<\/p>\n<\/div><\/details><\/div>\n\n\n\n<div class=\"wp-block-atomic-blocks-ab-accordion ab-font-size-18 ab-block-accordion\"><details><summary class=\"ab-accordion-title\">Which services do you offer?<\/summary><div class=\"ab-accordion-text\">\n<p>At the Center of Alternative Medicine of Montreal Amelia Pacili, we offer our personalised services and adapted to every single patient.<\/p>\n\n\n\n<p>The treatments can be done by acupuncture, auriculomedicine, laser or other adapted methods and they are addressed to a vast majority of people of all ages including: babies, children, teenagers, pregnant women, athletes and elderly people.<\/p>\n\n\n\n<p>We are here for you and to listen to you and together to find better solutions for a better health!<\/p>\n<\/div><\/details><\/div>\n<\/div><\/div>\n\n\n\n<div class=\"wp-block-atomic-blocks-ab-column ab-block-layout-column\"><div class=\"ab-block-layout-column-inner\">\n<figure class=\"wp-block-image size-large\"><img loading=\"lazy\" decoding=\"async\" width=\"1024\" height=\"768\" src=\"https:\/\/cmam.space\/wp-content\/uploads\/2020\/06\/centre-medecine-montreal-amelia-pacili-questions-agenda.jpg\" alt=\"\" class=\"wp-image-265\" srcset=\"https:\/\/cmam.space\/wp-content\/uploads\/2020\/06\/centre-medecine-montreal-amelia-pacili-questions-agenda.jpg 1024w, https:\/\/cmam.space\/wp-content\/uploads\/2020\/06\/centre-medecine-montreal-amelia-pacili-questions-agenda-300x225.jpg 300w, https:\/\/cmam.space\/wp-content\/uploads\/2020\/06\/centre-medecine-montreal-amelia-pacili-questions-agenda-768x576.jpg 768w, https:\/\/cmam.space\/wp-content\/uploads\/2020\/06\/centre-medecine-montreal-amelia-pacili-questions-agenda-702x526.jpg 702w\" sizes=\"auto, (max-width: 1024px) 100vw, 1024px\" \/><\/figure>\n<\/div><\/div>\n<\/div><\/div>","protected":false},"excerpt":{"rendered":"<p>OUR SERVICES<\/p>","protected":false},"author":1,"featured_media":0,"parent":0,"menu_order":0,"comment_status":"closed","ping_status":"closed","template":"","meta":{"_genesis_hide_title":true,"_genesis_hide_breadcrumbs":true,"_genesis_hide_singular_image":true,"_genesis_hide_footer_widgets":false,"_genesis_custom_body_class":"","_genesis_custom_post_class":"","_genesis_layout":"full-width-content","footnotes":""},"class_list":{"0":"post-14","1":"page","2":"type-page","3":"status-publish","5":"entry"},"featured_image_src":null,"featured_image_src_square":null,"_links":{"self":[{"href":"https:\/\/cmam.space\/en\/wp-json\/wp\/v2\/pages\/14","targetHints":{"allow":["GET"]}}],"collection":[{"href":"https:\/\/cmam.space\/en\/wp-json\/wp\/v2\/pages"}],"about":[{"href":"https:\/\/cmam.space\/en\/wp-json\/wp\/v2\/types\/page"}],"author":[{"embeddable":true,"href":"https:\/\/cmam.space\/en\/wp-json\/wp\/v2\/users\/1"}],"replies":[{"embeddable":true,"href":"https:\/\/cmam.space\/en\/wp-json\/wp\/v2\/comments?post=14"}],"version-history":[{"count":99,"href":"https:\/\/cmam.space\/en\/wp-json\/wp\/v2\/pages\/14\/revisions"}],"predecessor-version":[{"id":544,"href":"https:\/\/cmam.space\/en\/wp-json\/wp\/v2\/pages\/14\/revisions\/544"}],"wp:attachment":[{"href":"https:\/\/cmam.space\/en\/wp-json\/wp\/v2\/media?parent=14"}],"curies":[{"name":"wp","href":"https:\/\/api.w.org\/{rel}","templated":true}]}}